{"id":1066,"date":"2024-02-26T10:30:09","date_gmt":"2024-02-26T09:30:09","guid":{"rendered":"https:\/\/www.ferrobase.fr\/?page_id=1066"},"modified":"2024-02-26T10:59:50","modified_gmt":"2024-02-26T09:59:50","slug":"soutenir-ferrobase","status":"publish","type":"page","link":"https:\/\/www.ferrobase.fr\/?page_id=1066","title":{"rendered":"Soutenir FerroBase"},"content":{"rendered":"\n<p><\/p>\n\n\n\n<p><\/p>\n\n\n\n<div class=\"wp-block-columns is-layout-flex wp-container-core-columns-is-layout-9d6595d7 wp-block-columns-is-layout-flex\">\n<div class=\"wp-block-column is-layout-flow wp-block-column-is-layout-flow\" style=\"flex-basis:66.66%\">\n<figure class=\"wp-block-image size-large\"><img loading=\"lazy\" decoding=\"async\" width=\"1024\" height=\"543\" src=\"https:\/\/www.ferrobase.fr\/wp-content\/uploads\/2024\/02\/gare-1024x543.jpg\" alt=\"\" class=\"wp-image-1071\" srcset=\"https:\/\/www.ferrobase.fr\/wp-content\/uploads\/2024\/02\/gare-1024x543.jpg 1024w, https:\/\/www.ferrobase.fr\/wp-content\/uploads\/2024\/02\/gare-300x159.jpg 300w, https:\/\/www.ferrobase.fr\/wp-content\/uploads\/2024\/02\/gare-768x408.jpg 768w, https:\/\/www.ferrobase.fr\/wp-content\/uploads\/2024\/02\/gare-1536x815.jpg 1536w, https:\/\/www.ferrobase.fr\/wp-content\/uploads\/2024\/02\/gare.jpg 1600w\" sizes=\"auto, (max-width: 1024px) 100vw, 1024px\" \/><\/figure>\n<\/div>\n\n\n\n<div class=\"wp-block-column is-layout-flow wp-block-column-is-layout-flow\" style=\"flex-basis:33.33%\">\n<p><\/p>\n\n\n\n<p><\/p>\n\n\n\n<p><strong>FerroBase<\/strong> est le fruit d&rsquo;un travail d&rsquo;amateur, tant pour la saisie des r\u00e9f\u00e9rences aux articles que pour la programmation du site et son h\u00e9bergement. <strong>Alors, si vous souhaitez contribuer \u00e0 son fonctionnement, n&rsquo;h\u00e9sitez pas !<\/strong><\/p>\n\n\n\n<form action=\"https:\/\/www.paypal.com\/donate\" method=\"post\" target=\"_top\">\n<input type=\"hidden\" name=\"hosted_button_id\" value=\"KPN5ZRRQYHFRU\" \/>\n<input type=\"image\" src=\"https:\/\/www.paypalobjects.com\/fr_FR\/FR\/i\/btn\/btn_donateCC_LG.gif\" border=\"0\" name=\"submit\" title=\"PayPal - The safer, easier way to pay online!\" alt=\"Bouton Faites un don avec PayPal\" \/>\n<img loading=\"lazy\" decoding=\"async\" alt=\"\" border=\"0\" src=\"https:\/\/www.paypal.com\/fr_FR\/i\/scr\/pixel.gif\" width=\"1\" height=\"1\" \/>\n<\/form>\n\n<\/div>\n<\/div>\n","protected":false},"excerpt":{"rendered":"<p>FerroBase est le fruit d&rsquo;un travail d&rsquo;amateur, tant pour la saisie des r\u00e9f\u00e9rences aux articles que pour la programmation du site et son h\u00e9bergement. Alors, si vous souhaitez contribuer \u00e0 son fonctionnement, n&rsquo;h\u00e9sitez pas !<\/p>\n","protected":false},"author":1,"featured_media":0,"parent":0,"menu_order":0,"comment_status":"closed","ping_status":"closed","template":"","meta":{"neve_meta_sidebar":"","neve_meta_container":"","neve_meta_enable_content_width":"","neve_meta_content_width":0,"neve_meta_title_alignment":"","neve_meta_author_avatar":"","neve_post_elements_order":"","neve_meta_disable_header":"","neve_meta_disable_footer":"","neve_meta_disable_title":"","_themeisle_gutenberg_block_has_review":false,"footnotes":""},"class_list":["post-1066","page","type-page","status-publish","hentry"],"yoast_head":"<!-- This site is optimized with the Yoast SEO plugin v26.3 - https:\/\/yoast.com\/wordpress\/plugins\/seo\/ -->\n<title>Soutenir FerroBase - FerroBase<\/title>\n<meta name=\"robots\" content=\"index, follow, max-snippet:-1, max-image-preview:large, max-video-preview:-1\" \/>\n<link rel=\"canonical\" href=\"https:\/\/www.ferrobase.fr\/?page_id=1066\" \/>\n<meta property=\"og:locale\" content=\"fr_FR\" \/>\n<meta property=\"og:type\" content=\"article\" \/>\n<meta property=\"og:title\" content=\"Soutenir FerroBase - FerroBase\" \/>\n<meta property=\"og:description\" content=\"FerroBase est le fruit d&rsquo;un travail d&rsquo;amateur, tant pour la saisie des r\u00e9f\u00e9rences aux articles que pour la programmation du site et son h\u00e9bergement. Alors, si vous souhaitez contribuer \u00e0 son fonctionnement, n&rsquo;h\u00e9sitez pas !\" \/>\n<meta property=\"og:url\" content=\"https:\/\/www.ferrobase.fr\/?page_id=1066\" \/>\n<meta property=\"og:site_name\" content=\"FerroBase\" \/>\n<meta property=\"article:modified_time\" content=\"2024-02-26T09:59:50+00:00\" \/>\n<meta property=\"og:image\" content=\"https:\/\/www.ferrobase.fr\/wp-content\/uploads\/2024\/02\/gare-1024x543.jpg\" \/>\n<meta name=\"twitter:card\" content=\"summary_large_image\" \/>\n<meta name=\"twitter:label1\" content=\"Dur\u00e9e de lecture estim\u00e9e\" \/>\n\t<meta name=\"twitter:data1\" content=\"1 minute\" \/>\n<script type=\"application\/ld+json\" class=\"yoast-schema-graph\">{\"@context\":\"https:\/\/schema.org\",\"@graph\":[{\"@type\":\"WebPage\",\"@id\":\"https:\/\/www.ferrobase.fr\/?page_id=1066\",\"url\":\"https:\/\/www.ferrobase.fr\/?page_id=1066\",\"name\":\"Soutenir FerroBase - FerroBase\",\"isPartOf\":{\"@id\":\"https:\/\/www.ferrobase.fr\/#website\"},\"primaryImageOfPage\":{\"@id\":\"https:\/\/www.ferrobase.fr\/?page_id=1066#primaryimage\"},\"image\":{\"@id\":\"https:\/\/www.ferrobase.fr\/?page_id=1066#primaryimage\"},\"thumbnailUrl\":\"https:\/\/www.ferrobase.fr\/wp-content\/uploads\/2024\/02\/gare-1024x543.jpg\",\"datePublished\":\"2024-02-26T09:30:09+00:00\",\"dateModified\":\"2024-02-26T09:59:50+00:00\",\"breadcrumb\":{\"@id\":\"https:\/\/www.ferrobase.fr\/?page_id=1066#breadcrumb\"},\"inLanguage\":\"fr-FR\",\"potentialAction\":[{\"@type\":\"ReadAction\",\"target\":[\"https:\/\/www.ferrobase.fr\/?page_id=1066\"]}]},{\"@type\":\"ImageObject\",\"inLanguage\":\"fr-FR\",\"@id\":\"https:\/\/www.ferrobase.fr\/?page_id=1066#primaryimage\",\"url\":\"https:\/\/www.ferrobase.fr\/wp-content\/uploads\/2024\/02\/gare.jpg\",\"contentUrl\":\"https:\/\/www.ferrobase.fr\/wp-content\/uploads\/2024\/02\/gare.jpg\",\"width\":1600,\"height\":849},{\"@type\":\"BreadcrumbList\",\"@id\":\"https:\/\/www.ferrobase.fr\/?page_id=1066#breadcrumb\",\"itemListElement\":[{\"@type\":\"ListItem\",\"position\":1,\"name\":\"Accueil\",\"item\":\"https:\/\/www.ferrobase.fr\/\"},{\"@type\":\"ListItem\",\"position\":2,\"name\":\"Soutenir FerroBase\"}]},{\"@type\":\"WebSite\",\"@id\":\"https:\/\/www.ferrobase.fr\/#website\",\"url\":\"https:\/\/www.ferrobase.fr\/\",\"name\":\"FerroBase\",\"description\":\"\",\"publisher\":{\"@id\":\"https:\/\/www.ferrobase.fr\/#organization\"},\"potentialAction\":[{\"@type\":\"SearchAction\",\"target\":{\"@type\":\"EntryPoint\",\"urlTemplate\":\"https:\/\/www.ferrobase.fr\/?s={search_term_string}\"},\"query-input\":{\"@type\":\"PropertyValueSpecification\",\"valueRequired\":true,\"valueName\":\"search_term_string\"}}],\"inLanguage\":\"fr-FR\"},{\"@type\":\"Organization\",\"@id\":\"https:\/\/www.ferrobase.fr\/#organization\",\"name\":\"FerroBase\",\"url\":\"https:\/\/www.ferrobase.fr\/\",\"logo\":{\"@type\":\"ImageObject\",\"inLanguage\":\"fr-FR\",\"@id\":\"https:\/\/www.ferrobase.fr\/#\/schema\/logo\/image\/\",\"url\":\"https:\/\/www.ferrobase.fr\/wp-content\/uploads\/2020\/12\/cropped-telechargement.png\",\"contentUrl\":\"https:\/\/www.ferrobase.fr\/wp-content\/uploads\/2020\/12\/cropped-telechargement.png\",\"width\":225,\"height\":206,\"caption\":\"FerroBase\"},\"image\":{\"@id\":\"https:\/\/www.ferrobase.fr\/#\/schema\/logo\/image\/\"}}]}<\/script>\n<!-- \/ Yoast SEO plugin. -->","yoast_head_json":{"title":"Soutenir FerroBase - FerroBase","robots":{"index":"index","follow":"follow","max-snippet":"max-snippet:-1","max-image-preview":"max-image-preview:large","max-video-preview":"max-video-preview:-1"},"canonical":"https:\/\/www.ferrobase.fr\/?page_id=1066","og_locale":"fr_FR","og_type":"article","og_title":"Soutenir FerroBase - FerroBase","og_description":"FerroBase est le fruit d&rsquo;un travail d&rsquo;amateur, tant pour la saisie des r\u00e9f\u00e9rences aux articles que pour la programmation du site et son h\u00e9bergement. Alors, si vous souhaitez contribuer \u00e0 son fonctionnement, n&rsquo;h\u00e9sitez pas !","og_url":"https:\/\/www.ferrobase.fr\/?page_id=1066","og_site_name":"FerroBase","article_modified_time":"2024-02-26T09:59:50+00:00","og_image":[{"url":"https:\/\/www.ferrobase.fr\/wp-content\/uploads\/2024\/02\/gare-1024x543.jpg","type":"","width":"","height":""}],"twitter_card":"summary_large_image","twitter_misc":{"Dur\u00e9e de lecture estim\u00e9e":"1 minute"},"schema":{"@context":"https:\/\/schema.org","@graph":[{"@type":"WebPage","@id":"https:\/\/www.ferrobase.fr\/?page_id=1066","url":"https:\/\/www.ferrobase.fr\/?page_id=1066","name":"Soutenir FerroBase - FerroBase","isPartOf":{"@id":"https:\/\/www.ferrobase.fr\/#website"},"primaryImageOfPage":{"@id":"https:\/\/www.ferrobase.fr\/?page_id=1066#primaryimage"},"image":{"@id":"https:\/\/www.ferrobase.fr\/?page_id=1066#primaryimage"},"thumbnailUrl":"https:\/\/www.ferrobase.fr\/wp-content\/uploads\/2024\/02\/gare-1024x543.jpg","datePublished":"2024-02-26T09:30:09+00:00","dateModified":"2024-02-26T09:59:50+00:00","breadcrumb":{"@id":"https:\/\/www.ferrobase.fr\/?page_id=1066#breadcrumb"},"inLanguage":"fr-FR","potentialAction":[{"@type":"ReadAction","target":["https:\/\/www.ferrobase.fr\/?page_id=1066"]}]},{"@type":"ImageObject","inLanguage":"fr-FR","@id":"https:\/\/www.ferrobase.fr\/?page_id=1066#primaryimage","url":"https:\/\/www.ferrobase.fr\/wp-content\/uploads\/2024\/02\/gare.jpg","contentUrl":"https:\/\/www.ferrobase.fr\/wp-content\/uploads\/2024\/02\/gare.jpg","width":1600,"height":849},{"@type":"BreadcrumbList","@id":"https:\/\/www.ferrobase.fr\/?page_id=1066#breadcrumb","itemListElement":[{"@type":"ListItem","position":1,"name":"Accueil","item":"https:\/\/www.ferrobase.fr\/"},{"@type":"ListItem","position":2,"name":"Soutenir FerroBase"}]},{"@type":"WebSite","@id":"https:\/\/www.ferrobase.fr\/#website","url":"https:\/\/www.ferrobase.fr\/","name":"FerroBase","description":"","publisher":{"@id":"https:\/\/www.ferrobase.fr\/#organization"},"potentialAction":[{"@type":"SearchAction","target":{"@type":"EntryPoint","urlTemplate":"https:\/\/www.ferrobase.fr\/?s={search_term_string}"},"query-input":{"@type":"PropertyValueSpecification","valueRequired":true,"valueName":"search_term_string"}}],"inLanguage":"fr-FR"},{"@type":"Organization","@id":"https:\/\/www.ferrobase.fr\/#organization","name":"FerroBase","url":"https:\/\/www.ferrobase.fr\/","logo":{"@type":"ImageObject","inLanguage":"fr-FR","@id":"https:\/\/www.ferrobase.fr\/#\/schema\/logo\/image\/","url":"https:\/\/www.ferrobase.fr\/wp-content\/uploads\/2020\/12\/cropped-telechargement.png","contentUrl":"https:\/\/www.ferrobase.fr\/wp-content\/uploads\/2020\/12\/cropped-telechargement.png","width":225,"height":206,"caption":"FerroBase"},"image":{"@id":"https:\/\/www.ferrobase.fr\/#\/schema\/logo\/image\/"}}]}},"_links":{"self":[{"href":"https:\/\/www.ferrobase.fr\/index.php?rest_route=\/wp\/v2\/pages\/1066","targetHints":{"allow":["GET"]}}],"collection":[{"href":"https:\/\/www.ferrobase.fr\/index.php?rest_route=\/wp\/v2\/pages"}],"about":[{"href":"https:\/\/www.ferrobase.fr\/index.php?rest_route=\/wp\/v2\/types\/page"}],"author":[{"embeddable":true,"href":"https:\/\/www.ferrobase.fr\/index.php?rest_route=\/wp\/v2\/users\/1"}],"replies":[{"embeddable":true,"href":"https:\/\/www.ferrobase.fr\/index.php?rest_route=%2Fwp%2Fv2%2Fcomments&post=1066"}],"version-history":[{"count":8,"href":"https:\/\/www.ferrobase.fr\/index.php?rest_route=\/wp\/v2\/pages\/1066\/revisions"}],"predecessor-version":[{"id":1078,"href":"https:\/\/www.ferrobase.fr\/index.php?rest_route=\/wp\/v2\/pages\/1066\/revisions\/1078"}],"wp:attachment":[{"href":"https:\/\/www.ferrobase.fr\/index.php?rest_route=%2Fwp%2Fv2%2Fmedia&parent=1066"}],"curies":[{"name":"wp","href":"https:\/\/api.w.org\/{rel}","templated":true}]}}