{"id":1089,"date":"2024-02-29T19:09:31","date_gmt":"2024-02-29T18:09:31","guid":{"rendered":"https:\/\/www.ferrobase.fr\/?page_id=1089"},"modified":"2024-02-29T19:15:19","modified_gmt":"2024-02-29T18:15:19","slug":"firefox","status":"publish","type":"page","link":"https:\/\/www.ferrobase.fr\/?page_id=1089","title":{"rendered":"Pour remettre Firefox sur les rails&#8230;"},"content":{"rendered":"\n<p class=\"has-text-align-center\"><br><strong><a href=\"https:\/\/www.ferrobase.fr\">Utilisateurs de Firefox, cliquez ici pour acc\u00e9der \u00e0 FerroBase.<\/a><\/strong><\/p>\n\n\n<div class=\"wp-block-image\">\n<figure class=\"aligncenter size-full is-resized\"><img loading=\"lazy\" decoding=\"async\" width=\"300\" height=\"168\" src=\"https:\/\/www.ferrobase.fr\/wp-content\/uploads\/2024\/02\/telechargement.jpg\" alt=\"\" class=\"wp-image-1094\" style=\"width:381px;height:auto\"\/><\/figure>\n<\/div>\n\n\n<p class=\"has-text-align-center\"><br><strong><a href=\"https:\/\/www.ferrobase.fr\">Utilisateurs de Firefox, cliquez ici pour acc\u00e9der \u00e0 FerroBase.<\/a><\/strong><\/p>\n","protected":false},"excerpt":{"rendered":"<p>Utilisateurs de Firefox, cliquez ici pour acc\u00e9der \u00e0 FerroBase. Utilisateurs de Firefox, cliquez ici pour acc\u00e9der \u00e0 FerroBase.<\/p>\n","protected":false},"author":1,"featured_media":0,"parent":0,"menu_order":0,"comment_status":"closed","ping_status":"closed","template":"","meta":{"neve_meta_sidebar":"","neve_meta_container":"","neve_meta_enable_content_width":"","neve_meta_content_width":0,"neve_meta_title_alignment":"","neve_meta_author_avatar":"","neve_post_elements_order":"","neve_meta_disable_header":"","neve_meta_disable_footer":"","neve_meta_disable_title":"","_themeisle_gutenberg_block_has_review":false,"footnotes":""},"class_list":["post-1089","page","type-page","status-publish","hentry"],"yoast_head":"<!-- This site is optimized with the Yoast SEO plugin v26.3 - https:\/\/yoast.com\/wordpress\/plugins\/seo\/ -->\n<title>Pour remettre Firefox sur les rails... - FerroBase<\/title>\n<meta name=\"robots\" content=\"index, follow, max-snippet:-1, max-image-preview:large, max-video-preview:-1\" \/>\n<link rel=\"canonical\" href=\"https:\/\/www.ferrobase.fr\/?page_id=1089\" \/>\n<meta property=\"og:locale\" content=\"fr_FR\" \/>\n<meta property=\"og:type\" content=\"article\" \/>\n<meta property=\"og:title\" content=\"Pour remettre Firefox sur les rails... - FerroBase\" \/>\n<meta property=\"og:description\" content=\"Utilisateurs de Firefox, cliquez ici pour acc\u00e9der \u00e0 FerroBase. Utilisateurs de Firefox, cliquez ici pour acc\u00e9der \u00e0 FerroBase.\" \/>\n<meta property=\"og:url\" content=\"https:\/\/www.ferrobase.fr\/?page_id=1089\" \/>\n<meta property=\"og:site_name\" content=\"FerroBase\" \/>\n<meta property=\"article:modified_time\" content=\"2024-02-29T18:15:19+00:00\" \/>\n<meta property=\"og:image\" content=\"https:\/\/www.ferrobase.fr\/wp-content\/uploads\/2024\/02\/telechargement.jpg\" \/>\n<meta name=\"twitter:card\" content=\"summary_large_image\" \/>\n<meta name=\"twitter:label1\" content=\"Dur\u00e9e de lecture estim\u00e9e\" \/>\n\t<meta name=\"twitter:data1\" content=\"1 minute\" \/>\n<script type=\"application\/ld+json\" class=\"yoast-schema-graph\">{\"@context\":\"https:\/\/schema.org\",\"@graph\":[{\"@type\":\"WebPage\",\"@id\":\"https:\/\/www.ferrobase.fr\/?page_id=1089\",\"url\":\"https:\/\/www.ferrobase.fr\/?page_id=1089\",\"name\":\"Pour remettre Firefox sur les rails... - FerroBase\",\"isPartOf\":{\"@id\":\"https:\/\/www.ferrobase.fr\/#website\"},\"primaryImageOfPage\":{\"@id\":\"https:\/\/www.ferrobase.fr\/?page_id=1089#primaryimage\"},\"image\":{\"@id\":\"https:\/\/www.ferrobase.fr\/?page_id=1089#primaryimage\"},\"thumbnailUrl\":\"https:\/\/www.ferrobase.fr\/wp-content\/uploads\/2024\/02\/telechargement.jpg\",\"datePublished\":\"2024-02-29T18:09:31+00:00\",\"dateModified\":\"2024-02-29T18:15:19+00:00\",\"breadcrumb\":{\"@id\":\"https:\/\/www.ferrobase.fr\/?page_id=1089#breadcrumb\"},\"inLanguage\":\"fr-FR\",\"potentialAction\":[{\"@type\":\"ReadAction\",\"target\":[\"https:\/\/www.ferrobase.fr\/?page_id=1089\"]}]},{\"@type\":\"ImageObject\",\"inLanguage\":\"fr-FR\",\"@id\":\"https:\/\/www.ferrobase.fr\/?page_id=1089#primaryimage\",\"url\":\"https:\/\/www.ferrobase.fr\/wp-content\/uploads\/2024\/02\/telechargement.jpg\",\"contentUrl\":\"https:\/\/www.ferrobase.fr\/wp-content\/uploads\/2024\/02\/telechargement.jpg\",\"width\":300,\"height\":168},{\"@type\":\"BreadcrumbList\",\"@id\":\"https:\/\/www.ferrobase.fr\/?page_id=1089#breadcrumb\",\"itemListElement\":[{\"@type\":\"ListItem\",\"position\":1,\"name\":\"Accueil\",\"item\":\"https:\/\/www.ferrobase.fr\/\"},{\"@type\":\"ListItem\",\"position\":2,\"name\":\"Pour remettre Firefox sur les rails&#8230;\"}]},{\"@type\":\"WebSite\",\"@id\":\"https:\/\/www.ferrobase.fr\/#website\",\"url\":\"https:\/\/www.ferrobase.fr\/\",\"name\":\"FerroBase\",\"description\":\"\",\"publisher\":{\"@id\":\"https:\/\/www.ferrobase.fr\/#organization\"},\"potentialAction\":[{\"@type\":\"SearchAction\",\"target\":{\"@type\":\"EntryPoint\",\"urlTemplate\":\"https:\/\/www.ferrobase.fr\/?s={search_term_string}\"},\"query-input\":{\"@type\":\"PropertyValueSpecification\",\"valueRequired\":true,\"valueName\":\"search_term_string\"}}],\"inLanguage\":\"fr-FR\"},{\"@type\":\"Organization\",\"@id\":\"https:\/\/www.ferrobase.fr\/#organization\",\"name\":\"FerroBase\",\"url\":\"https:\/\/www.ferrobase.fr\/\",\"logo\":{\"@type\":\"ImageObject\",\"inLanguage\":\"fr-FR\",\"@id\":\"https:\/\/www.ferrobase.fr\/#\/schema\/logo\/image\/\",\"url\":\"https:\/\/www.ferrobase.fr\/wp-content\/uploads\/2020\/12\/cropped-telechargement.png\",\"contentUrl\":\"https:\/\/www.ferrobase.fr\/wp-content\/uploads\/2020\/12\/cropped-telechargement.png\",\"width\":225,\"height\":206,\"caption\":\"FerroBase\"},\"image\":{\"@id\":\"https:\/\/www.ferrobase.fr\/#\/schema\/logo\/image\/\"}}]}<\/script>\n<!-- \/ Yoast SEO plugin. -->","yoast_head_json":{"title":"Pour remettre Firefox sur les rails... - FerroBase","robots":{"index":"index","follow":"follow","max-snippet":"max-snippet:-1","max-image-preview":"max-image-preview:large","max-video-preview":"max-video-preview:-1"},"canonical":"https:\/\/www.ferrobase.fr\/?page_id=1089","og_locale":"fr_FR","og_type":"article","og_title":"Pour remettre Firefox sur les rails... - FerroBase","og_description":"Utilisateurs de Firefox, cliquez ici pour acc\u00e9der \u00e0 FerroBase. Utilisateurs de Firefox, cliquez ici pour acc\u00e9der \u00e0 FerroBase.","og_url":"https:\/\/www.ferrobase.fr\/?page_id=1089","og_site_name":"FerroBase","article_modified_time":"2024-02-29T18:15:19+00:00","og_image":[{"url":"https:\/\/www.ferrobase.fr\/wp-content\/uploads\/2024\/02\/telechargement.jpg","type":"","width":"","height":""}],"twitter_card":"summary_large_image","twitter_misc":{"Dur\u00e9e de lecture estim\u00e9e":"1 minute"},"schema":{"@context":"https:\/\/schema.org","@graph":[{"@type":"WebPage","@id":"https:\/\/www.ferrobase.fr\/?page_id=1089","url":"https:\/\/www.ferrobase.fr\/?page_id=1089","name":"Pour remettre Firefox sur les rails... - FerroBase","isPartOf":{"@id":"https:\/\/www.ferrobase.fr\/#website"},"primaryImageOfPage":{"@id":"https:\/\/www.ferrobase.fr\/?page_id=1089#primaryimage"},"image":{"@id":"https:\/\/www.ferrobase.fr\/?page_id=1089#primaryimage"},"thumbnailUrl":"https:\/\/www.ferrobase.fr\/wp-content\/uploads\/2024\/02\/telechargement.jpg","datePublished":"2024-02-29T18:09:31+00:00","dateModified":"2024-02-29T18:15:19+00:00","breadcrumb":{"@id":"https:\/\/www.ferrobase.fr\/?page_id=1089#breadcrumb"},"inLanguage":"fr-FR","potentialAction":[{"@type":"ReadAction","target":["https:\/\/www.ferrobase.fr\/?page_id=1089"]}]},{"@type":"ImageObject","inLanguage":"fr-FR","@id":"https:\/\/www.ferrobase.fr\/?page_id=1089#primaryimage","url":"https:\/\/www.ferrobase.fr\/wp-content\/uploads\/2024\/02\/telechargement.jpg","contentUrl":"https:\/\/www.ferrobase.fr\/wp-content\/uploads\/2024\/02\/telechargement.jpg","width":300,"height":168},{"@type":"BreadcrumbList","@id":"https:\/\/www.ferrobase.fr\/?page_id=1089#breadcrumb","itemListElement":[{"@type":"ListItem","position":1,"name":"Accueil","item":"https:\/\/www.ferrobase.fr\/"},{"@type":"ListItem","position":2,"name":"Pour remettre Firefox sur les rails&#8230;"}]},{"@type":"WebSite","@id":"https:\/\/www.ferrobase.fr\/#website","url":"https:\/\/www.ferrobase.fr\/","name":"FerroBase","description":"","publisher":{"@id":"https:\/\/www.ferrobase.fr\/#organization"},"potentialAction":[{"@type":"SearchAction","target":{"@type":"EntryPoint","urlTemplate":"https:\/\/www.ferrobase.fr\/?s={search_term_string}"},"query-input":{"@type":"PropertyValueSpecification","valueRequired":true,"valueName":"search_term_string"}}],"inLanguage":"fr-FR"},{"@type":"Organization","@id":"https:\/\/www.ferrobase.fr\/#organization","name":"FerroBase","url":"https:\/\/www.ferrobase.fr\/","logo":{"@type":"ImageObject","inLanguage":"fr-FR","@id":"https:\/\/www.ferrobase.fr\/#\/schema\/logo\/image\/","url":"https:\/\/www.ferrobase.fr\/wp-content\/uploads\/2020\/12\/cropped-telechargement.png","contentUrl":"https:\/\/www.ferrobase.fr\/wp-content\/uploads\/2020\/12\/cropped-telechargement.png","width":225,"height":206,"caption":"FerroBase"},"image":{"@id":"https:\/\/www.ferrobase.fr\/#\/schema\/logo\/image\/"}}]}},"_links":{"self":[{"href":"https:\/\/www.ferrobase.fr\/index.php?rest_route=\/wp\/v2\/pages\/1089","targetHints":{"allow":["GET"]}}],"collection":[{"href":"https:\/\/www.ferrobase.fr\/index.php?rest_route=\/wp\/v2\/pages"}],"about":[{"href":"https:\/\/www.ferrobase.fr\/index.php?rest_route=\/wp\/v2\/types\/page"}],"author":[{"embeddable":true,"href":"https:\/\/www.ferrobase.fr\/index.php?rest_route=\/wp\/v2\/users\/1"}],"replies":[{"embeddable":true,"href":"https:\/\/www.ferrobase.fr\/index.php?rest_route=%2Fwp%2Fv2%2Fcomments&post=1089"}],"version-history":[{"count":6,"href":"https:\/\/www.ferrobase.fr\/index.php?rest_route=\/wp\/v2\/pages\/1089\/revisions"}],"predecessor-version":[{"id":1100,"href":"https:\/\/www.ferrobase.fr\/index.php?rest_route=\/wp\/v2\/pages\/1089\/revisions\/1100"}],"wp:attachment":[{"href":"https:\/\/www.ferrobase.fr\/index.php?rest_route=%2Fwp%2Fv2%2Fmedia&parent=1089"}],"curies":[{"name":"wp","href":"https:\/\/api.w.org\/{rel}","templated":true}]}}