{"id":322,"date":"2020-03-27T14:10:23","date_gmt":"2020-03-27T14:10:23","guid":{"rendered":"https:\/\/demosites.io\/energy-panels-gb\/?page_id=322"},"modified":"2026-03-25T21:15:47","modified_gmt":"2026-03-25T20:15:47","slug":"0dc9b-services","status":"publish","type":"page","link":"https:\/\/www.ferrobase.fr\/?page_id=322","title":{"rendered":"Liste revues"},"content":{"rendered":"\n<div id=\"wp-block-themeisle-blocks-advanced-columns-f0bf6fda\" class=\"wp-block-themeisle-blocks-advanced-columns alignfull has-1-columns has-desktop-equal-layout has-tablet-equal-layout has-mobile-equal-layout has-vertical-unset\"><div class=\"wp-block-themeisle-blocks-advanced-columns-overlay\"><\/div><div class=\"innerblocks-wrap\">\n<div id=\"wp-block-themeisle-blocks-advanced-column-d86c0863\" class=\"wp-block-themeisle-blocks-advanced-column\"><\/div>\n<\/div><\/div>\n\n\n\n<div id=\"wp-block-themeisle-blocks-advanced-columns-9a38cbaa\" class=\"wp-block-themeisle-blocks-advanced-columns alignfull has-2-columns has-desktop-equal-layout has-tablet-equal-layout has-mobile-collapsedRows-layout has-vertical-unset ticss-af0b49bf has-light-bg\"><div class=\"wp-block-themeisle-blocks-advanced-columns-overlay\"><\/div><div class=\"innerblocks-wrap\">\n<div id=\"wp-block-themeisle-blocks-advanced-column-ea20ba02\" class=\"wp-block-themeisle-blocks-advanced-column has-light-bg\">\n<h1 id=\"wp-block-themeisle-blocks-advanced-heading-43d53a6e\" class=\"wp-block-themeisle-blocks-advanced-heading wp-block-themeisle-blocks-advanced-heading-43d53a6e\">Liste des revues<\/h1>\n\n\n\n<p class=\"has-neve-text-color-color has-text-color\" style=\"font-size:19px\">Voici la liste des revues r\u00e9f\u00e9renc\u00e9es dans FerroBase<\/p>\n<\/div>\n\n\n\n<div id=\"wp-block-themeisle-blocks-advanced-column-c28105de\" class=\"wp-block-themeisle-blocks-advanced-column\"><\/div>\n<\/div><\/div>\n\n\n\n<div id=\"wp-block-themeisle-blocks-advanced-columns-94906ce4\" class=\"wp-block-themeisle-blocks-advanced-columns alignfull has-1-columns has-desktop-equal-layout has-tablet-equal-layout has-mobile-equal-layout has-vertical-unset has-light-bg\"><div class=\"wp-block-themeisle-blocks-advanced-columns-overlay\"><\/div><div class=\"innerblocks-wrap\">\n<div id=\"wp-block-themeisle-blocks-advanced-column-35f07ce8\" class=\"wp-block-themeisle-blocks-advanced-column\">\n<p class=\"wp-block-themeisle-blocks-font-awesome-icons\" id=\"wp-block-themeisle-blocks-font-awesome-icons-79bb2531\"><span class=\"wp-block-themeisle-blocks-font-awesome-icons-container\"><i class=\"fas fa-train\"><\/i><\/span><\/p>\n\n\n\n<h3 id=\"wp-block-themeisle-blocks-advanced-heading-5677dff3\" class=\"wp-block-themeisle-blocks-advanced-heading wp-block-themeisle-blocks-advanced-heading-5677dff3\">Revues r\u00e9f\u00e9renc\u00e9es<\/h3>\n\n\n\n<p class=\"has-neve-text-color-color has-text-color\">LOCO REVUE &#8211; LA VIE DU RAIL &#8211; VOIES FERREES &#8211; RAIL MAGAZINE &#8211; FERROVISSIME &#8211; CORRESPONDANCES FERROVIAIRES &#8211; LA VIE DU JOUET &#8211; MECCANO MAGAZINE &#8211; CERCLE FERROVIPHILE EUROPEEN &#8211; CONNAISSANCE DU RAIL &#8211; RAIL PASSION &#8211; RAIL MINIATURE FLASH &#8211; HACHETTE COLLECTIONS &#8211; JOUETS DE COLLECTION &#8211; BULLETIN DU PLM &#8211; TRAINS\u00a0MINIATURES\u00a0&#8211;\u00a0REVUE DE L&rsquo;ASSOCIATION FRANCAISE DES CHEMINS DE FER &#8211; PO ILLUSTRE &#8211; HISTORAIL &#8211; LE TRAIN &#8211; NOTRE METIER \u00a0 \u00a0&#8211; \u00a0 \u00a0ATLAS \u00a0 \u00a0COLLECTION \u00a0 \u00a0AUTORAILS &#8211; INDEPENDANT DU RAIL &#8211; RAILS D&rsquo;AUTREFOIS &#8211; MODELES\u00a0FERROVIAIRES (Ed.\u00a0LR)<\/p>\n<\/div>\n<\/div><\/div>\n\n\n\n<div id=\"wp-block-themeisle-blocks-advanced-columns-74309145\" class=\"wp-block-themeisle-blocks-advanced-columns alignfull has-2-columns has-desktop-equal-layout has-tablet-equal-layout has-mobile-collapsedRows-layout has-vertical-unset has-dark-bg\"><div class=\"wp-block-themeisle-blocks-advanced-columns-overlay\"><\/div><div class=\"innerblocks-wrap\">\n<div id=\"wp-block-themeisle-blocks-advanced-column-1eb9db5c\" class=\"wp-block-themeisle-blocks-advanced-column\">\n\n\n<h6 id=\"wp-block-themeisle-blocks-advanced-heading-b074eea5\" class=\"wp-block-themeisle-blocks-advanced-heading wp-block-themeisle-blocks-advanced-heading-b074eea5\">  <strong>MISE A JOUR BASE DE DONNEES<\/strong><\/h6>\n<\/div>\n\n\n\n<div id=\"wp-block-themeisle-blocks-advanced-column-07576733\" class=\"wp-block-themeisle-blocks-advanced-column\">\n\n\n<h6 id=\"wp-block-themeisle-blocks-advanced-heading-72112bcf\" class=\"wp-block-themeisle-blocks-advanced-heading wp-block-themeisle-blocks-advanced-heading-72112bcf\">NOMBRE DE REFERENCES<\/h6>\n<\/div>\n<\/div><\/div>\n\n\n\n<pre class=\"wp-block-verse has-text-align-center\"><strong>\u00e0 noter : des num\u00e9ros hors s\u00e9rie, int\u00e9gr\u00e9s dans la base, r\u00e9f\u00e9renc\u00e9s par exemple HS1 ou HSMF1,<\/strong>\n<strong>et figurant dans des r\u00e9sultats de&nbsp; recherche, ne sont pas repris ici dans la liste d\u00e9taill\u00e9e.<\/strong><\/pre>\n\n\n\n<div id=\"wp-block-themeisle-blocks-advanced-columns-4cb307d7\" class=\"wp-block-themeisle-blocks-advanced-columns alignfull has-1-columns has-desktop-equal-layout has-tablet-equal-layout has-mobile-equal-layout has-vertical-unset has-light-bg\"><div class=\"wp-block-themeisle-blocks-advanced-columns-overlay\"><\/div><div class=\"innerblocks-wrap\">\n<div id=\"wp-block-themeisle-blocks-advanced-column-4f9ea1d1\" class=\"wp-block-themeisle-blocks-advanced-column\"><\/div>\n<\/div><\/div>\n\n\n\n<p><\/p>\n","protected":false},"excerpt":{"rendered":"<p>\u00e0 noter : des num\u00e9ros hors s\u00e9rie, int\u00e9gr\u00e9s dans la base, r\u00e9f\u00e9renc\u00e9s par exemple HS1 ou HSMF1, et figurant dans des r\u00e9sultats de&nbsp; recherche, ne sont pas repris ici dans la liste d\u00e9taill\u00e9e.<\/p>\n","protected":false},"author":1,"featured_media":0,"parent":0,"menu_order":0,"comment_status":"closed","ping_status":"closed","template":"page-templates\/template-pagebuilder-full-width.php","meta":{"neve_meta_sidebar":"full-width","neve_meta_container":"","neve_meta_enable_content_width":"on","neve_meta_content_width":100,"neve_meta_title_alignment":"","neve_meta_author_avatar":"","neve_post_elements_order":"","neve_meta_disable_header":"","neve_meta_disable_footer":"","neve_meta_disable_title":"","_themeisle_gutenberg_block_has_review":false,"footnotes":""},"class_list":["post-322","page","type-page","status-publish","hentry"],"yoast_head":"<!-- This site is optimized with the Yoast SEO plugin v26.3 - https:\/\/yoast.com\/wordpress\/plugins\/seo\/ -->\n<title>Liste revues - FerroBase<\/title>\n<meta name=\"robots\" content=\"index, follow, max-snippet:-1, max-image-preview:large, max-video-preview:-1\" \/>\n<link rel=\"canonical\" href=\"https:\/\/www.ferrobase.fr\/?page_id=322\" \/>\n<meta property=\"og:locale\" content=\"fr_FR\" \/>\n<meta property=\"og:type\" content=\"article\" \/>\n<meta property=\"og:title\" content=\"Liste revues - FerroBase\" \/>\n<meta property=\"og:description\" content=\"\u00e0 noter : des num\u00e9ros hors s\u00e9rie, int\u00e9gr\u00e9s dans la base, r\u00e9f\u00e9renc\u00e9s par exemple HS1 ou HSMF1, et figurant dans des r\u00e9sultats de&nbsp; recherche, ne sont pas repris ici dans la liste d\u00e9taill\u00e9e.\" \/>\n<meta property=\"og:url\" content=\"https:\/\/www.ferrobase.fr\/?page_id=322\" \/>\n<meta property=\"og:site_name\" content=\"FerroBase\" \/>\n<meta property=\"article:modified_time\" content=\"2026-03-25T20:15:47+00:00\" \/>\n<meta name=\"twitter:card\" content=\"summary_large_image\" \/>\n<meta name=\"twitter:label1\" content=\"Dur\u00e9e de lecture estim\u00e9e\" \/>\n\t<meta name=\"twitter:data1\" content=\"1 minute\" \/>\n<script type=\"application\/ld+json\" class=\"yoast-schema-graph\">{\"@context\":\"https:\/\/schema.org\",\"@graph\":[{\"@type\":\"WebPage\",\"@id\":\"https:\/\/www.ferrobase.fr\/?page_id=322\",\"url\":\"https:\/\/www.ferrobase.fr\/?page_id=322\",\"name\":\"Liste revues - FerroBase\",\"isPartOf\":{\"@id\":\"https:\/\/www.ferrobase.fr\/#website\"},\"datePublished\":\"2020-03-27T14:10:23+00:00\",\"dateModified\":\"2026-03-25T20:15:47+00:00\",\"breadcrumb\":{\"@id\":\"https:\/\/www.ferrobase.fr\/?page_id=322#breadcrumb\"},\"inLanguage\":\"fr-FR\",\"potentialAction\":[{\"@type\":\"ReadAction\",\"target\":[\"https:\/\/www.ferrobase.fr\/?page_id=322\"]}]},{\"@type\":\"BreadcrumbList\",\"@id\":\"https:\/\/www.ferrobase.fr\/?page_id=322#breadcrumb\",\"itemListElement\":[{\"@type\":\"ListItem\",\"position\":1,\"name\":\"Accueil\",\"item\":\"https:\/\/www.ferrobase.fr\/\"},{\"@type\":\"ListItem\",\"position\":2,\"name\":\"Liste revues\"}]},{\"@type\":\"WebSite\",\"@id\":\"https:\/\/www.ferrobase.fr\/#website\",\"url\":\"https:\/\/www.ferrobase.fr\/\",\"name\":\"FerroBase\",\"description\":\"\",\"publisher\":{\"@id\":\"https:\/\/www.ferrobase.fr\/#organization\"},\"potentialAction\":[{\"@type\":\"SearchAction\",\"target\":{\"@type\":\"EntryPoint\",\"urlTemplate\":\"https:\/\/www.ferrobase.fr\/?s={search_term_string}\"},\"query-input\":{\"@type\":\"PropertyValueSpecification\",\"valueRequired\":true,\"valueName\":\"search_term_string\"}}],\"inLanguage\":\"fr-FR\"},{\"@type\":\"Organization\",\"@id\":\"https:\/\/www.ferrobase.fr\/#organization\",\"name\":\"FerroBase\",\"url\":\"https:\/\/www.ferrobase.fr\/\",\"logo\":{\"@type\":\"ImageObject\",\"inLanguage\":\"fr-FR\",\"@id\":\"https:\/\/www.ferrobase.fr\/#\/schema\/logo\/image\/\",\"url\":\"https:\/\/www.ferrobase.fr\/wp-content\/uploads\/2020\/12\/cropped-telechargement.png\",\"contentUrl\":\"https:\/\/www.ferrobase.fr\/wp-content\/uploads\/2020\/12\/cropped-telechargement.png\",\"width\":225,\"height\":206,\"caption\":\"FerroBase\"},\"image\":{\"@id\":\"https:\/\/www.ferrobase.fr\/#\/schema\/logo\/image\/\"}}]}<\/script>\n<!-- \/ Yoast SEO plugin. -->","yoast_head_json":{"title":"Liste revues - FerroBase","robots":{"index":"index","follow":"follow","max-snippet":"max-snippet:-1","max-image-preview":"max-image-preview:large","max-video-preview":"max-video-preview:-1"},"canonical":"https:\/\/www.ferrobase.fr\/?page_id=322","og_locale":"fr_FR","og_type":"article","og_title":"Liste revues - FerroBase","og_description":"\u00e0 noter : des num\u00e9ros hors s\u00e9rie, int\u00e9gr\u00e9s dans la base, r\u00e9f\u00e9renc\u00e9s par exemple HS1 ou HSMF1, et figurant dans des r\u00e9sultats de&nbsp; recherche, ne sont pas repris ici dans la liste d\u00e9taill\u00e9e.","og_url":"https:\/\/www.ferrobase.fr\/?page_id=322","og_site_name":"FerroBase","article_modified_time":"2026-03-25T20:15:47+00:00","twitter_card":"summary_large_image","twitter_misc":{"Dur\u00e9e de lecture estim\u00e9e":"1 minute"},"schema":{"@context":"https:\/\/schema.org","@graph":[{"@type":"WebPage","@id":"https:\/\/www.ferrobase.fr\/?page_id=322","url":"https:\/\/www.ferrobase.fr\/?page_id=322","name":"Liste revues - FerroBase","isPartOf":{"@id":"https:\/\/www.ferrobase.fr\/#website"},"datePublished":"2020-03-27T14:10:23+00:00","dateModified":"2026-03-25T20:15:47+00:00","breadcrumb":{"@id":"https:\/\/www.ferrobase.fr\/?page_id=322#breadcrumb"},"inLanguage":"fr-FR","potentialAction":[{"@type":"ReadAction","target":["https:\/\/www.ferrobase.fr\/?page_id=322"]}]},{"@type":"BreadcrumbList","@id":"https:\/\/www.ferrobase.fr\/?page_id=322#breadcrumb","itemListElement":[{"@type":"ListItem","position":1,"name":"Accueil","item":"https:\/\/www.ferrobase.fr\/"},{"@type":"ListItem","position":2,"name":"Liste revues"}]},{"@type":"WebSite","@id":"https:\/\/www.ferrobase.fr\/#website","url":"https:\/\/www.ferrobase.fr\/","name":"FerroBase","description":"","publisher":{"@id":"https:\/\/www.ferrobase.fr\/#organization"},"potentialAction":[{"@type":"SearchAction","target":{"@type":"EntryPoint","urlTemplate":"https:\/\/www.ferrobase.fr\/?s={search_term_string}"},"query-input":{"@type":"PropertyValueSpecification","valueRequired":true,"valueName":"search_term_string"}}],"inLanguage":"fr-FR"},{"@type":"Organization","@id":"https:\/\/www.ferrobase.fr\/#organization","name":"FerroBase","url":"https:\/\/www.ferrobase.fr\/","logo":{"@type":"ImageObject","inLanguage":"fr-FR","@id":"https:\/\/www.ferrobase.fr\/#\/schema\/logo\/image\/","url":"https:\/\/www.ferrobase.fr\/wp-content\/uploads\/2020\/12\/cropped-telechargement.png","contentUrl":"https:\/\/www.ferrobase.fr\/wp-content\/uploads\/2020\/12\/cropped-telechargement.png","width":225,"height":206,"caption":"FerroBase"},"image":{"@id":"https:\/\/www.ferrobase.fr\/#\/schema\/logo\/image\/"}}]}},"_links":{"self":[{"href":"https:\/\/www.ferrobase.fr\/index.php?rest_route=\/wp\/v2\/pages\/322","targetHints":{"allow":["GET"]}}],"collection":[{"href":"https:\/\/www.ferrobase.fr\/index.php?rest_route=\/wp\/v2\/pages"}],"about":[{"href":"https:\/\/www.ferrobase.fr\/index.php?rest_route=\/wp\/v2\/types\/page"}],"author":[{"embeddable":true,"href":"https:\/\/www.ferrobase.fr\/index.php?rest_route=\/wp\/v2\/users\/1"}],"replies":[{"embeddable":true,"href":"https:\/\/www.ferrobase.fr\/index.php?rest_route=%2Fwp%2Fv2%2Fcomments&post=322"}],"version-history":[{"count":32,"href":"https:\/\/www.ferrobase.fr\/index.php?rest_route=\/wp\/v2\/pages\/322\/revisions"}],"predecessor-version":[{"id":1121,"href":"https:\/\/www.ferrobase.fr\/index.php?rest_route=\/wp\/v2\/pages\/322\/revisions\/1121"}],"wp:attachment":[{"href":"https:\/\/www.ferrobase.fr\/index.php?rest_route=%2Fwp%2Fv2%2Fmedia&parent=322"}],"curies":[{"name":"wp","href":"https:\/\/api.w.org\/{rel}","templated":true}]}}